{"id":46,"date":"2019-10-22T02:52:28","date_gmt":"2019-10-22T02:52:28","guid":{"rendered":"https:\/\/chuaphucsinh.net\/wp\/?page_id=46"},"modified":"2025-06-10T18:13:24","modified_gmt":"2025-06-10T18:13:24","slug":"contact-us","status":"publish","type":"page","link":"https:\/\/chuaphucsinh.net\/wp\/contact-us\/","title":{"rendered":"Contact Us"},"content":{"rendered":"\n<p><strong>LM Qu\u1ea3n Nhi\u1ec7m: Phanxic\u00f4 Xavi\u00ea Nguy\u1ec5n Thanh B\u00ecnh , SVD<\/strong><br><a href=\"https:\/\/goo.gl\/maps\/hdaMzEwpNVojYhxb8\">3900 Meramec<br>St. Louis, MO 63116<\/a><br>Phone: 314-832-7023<br>Fax: 314-832-7024 <br>Web: http:\/\/www.chuaphucsinh.net <\/p>\n\n\n\n<h4 class=\"wp-block-heading\"><strong>H\u1ed9i \u0110\u1ed3ng M\u1ee5c V\u1ee5<\/strong><\/h4>\n\n\n\n<figure class=\"wp-block-table\"><table><tbody><tr><td> <strong>Ch\u1ee7 T\u1ecbch:<\/strong> <\/td><td>\u00d4ng Laurens\u00f4 \u0110\u00e0o Long&nbsp; &nbsp;&nbsp;&nbsp;&nbsp;&nbsp;&nbsp;&nbsp;&nbsp;&nbsp;&nbsp;&nbsp;&nbsp;<\/td><td>314.679.0313<\/td><\/tr><tr><td> <strong>Ph\u00f3 N\u1ed9i V\u1ee5<\/strong>: <\/td><td>Anh<strong> <\/strong>Giuse V\u00f5 H\u00f9ng Ph\u00fac&nbsp;&nbsp;&nbsp;&nbsp;&nbsp;&nbsp;&nbsp;&nbsp;&nbsp;&nbsp;&nbsp;&nbsp;<br><br>Anh Ph\u00ear\u00f4 Nguy\u1ec5n \u0110\u00ecnh Tu\u1ea5n<\/td><td>314.629.5347<br><br><br>314.501.4547<\/td><\/tr><tr><td><strong> Ph\u00f3 Ngo\u1ea1i V\u1ee5:  <\/strong><\/td><td>Anh Giuse Nguy\u1ec5n Linh Y\u00ean<\/td><td> 314.691.8452<\/td><\/tr><tr><td> <strong>Th\u01b0 K\u00fd:<\/strong> <\/td><td>Anh<strong> <\/strong>Giuse V\u00f5 H\u00f9ng Ph\u00fac&nbsp;&nbsp;&nbsp;&nbsp;&nbsp;&nbsp;&nbsp;&nbsp;&nbsp;&nbsp;&nbsp;&nbsp;<\/td><td>314.629.5347<\/td><\/tr><\/tbody><\/table><\/figure>\n\n\n\n<h4 class=\"wp-block-heading\">H\u1ed9i \u0110\u1ed3ng T\u00e0i Ch\u00e1nh<\/h4>\n\n\n\n<figure class=\"wp-block-table\"><table><tbody><tr><td> <strong>Ch\u1ee7 T\u1ecbch:<\/strong>  Ch\u1ecb Maria Nguy\u1ec5n Ho\u00e0i Th\u01b0\u01a1ng<\/td><td> 314.691.6508 <\/td><\/tr><tr><td><strong> Ph\u00f3 Ch\u1ee7 Tich<\/strong>: Ch\u1ecb T\u00ear\u00easa Nguy\u1ec5n Th\u00fay H\u1ea3i<\/td><td> 314.482.4490<\/td><\/tr><tr><td><strong>Th\u01b0 K\u00fd:<\/strong> Anh Nguy\u1ec5n Nhi\u1ec7m <\/td><td>502.387.1090<\/td><\/tr><\/tbody><\/table><\/figure>\n\n\n\n<figure class=\"wp-block-table\"><table><tbody><tr><td> <strong>UV X\u00e3 H\u1ed9i: <\/strong><\/td><td> B\u00e0 L\u00ea Th\u1ecb Ph\u1ee5ng <\/td><td> 314.277.2859 <\/td><\/tr><tr><td> <strong>TB Ph\u1ee5ng V\u1ee5:  <\/strong><\/td><td> Anh B\u00f9i H\u00f9ng <\/td><td> 314.783.7266 <\/td><\/tr><tr><td> <strong>TB \u00c2m Thanh: <\/strong><\/td><td> Anh Ng\u00f4 C\u01b0\u1eddng <\/td><td> 314.917.5814 <\/td><\/tr><tr><td> <strong>TB Tr\u1eadt T\u1ef1: <\/strong><\/td><td>Anh Th\u1ecd<\/td><td>916.749.9598 <\/td><\/tr><\/tbody><\/table><\/figure>\n\n\n\n<h4 class=\"wp-block-heading\">Tr\u01b0\u1edfng Gi\u00e1o Khu<\/h4>\n\n\n\n<figure class=\"wp-block-table\"><table><tbody><tr><td><strong> Fatima:  <\/strong><\/td><td> Anh Tr\u1ea7n Ng\u1ecdc V\u0169 <\/td><td>314.398.9743<\/td><\/tr><tr><td><strong> La Vang:  <\/strong><\/td><td> Anh Tr\u1ea7n Ti\u1ebfn Th\u00e0nh  <\/td><td>314.648.1353<\/td><\/tr><tr><td><strong> L\u1ed9 \u0110\u1ee9c:  <\/strong><\/td><td> \u00d4ng Nguy\u1ec5n V\u0103n L\u1eadp <\/td><td>314.398.0581 <\/td><\/tr><tr><td><strong> Tr\u00e0 Ki\u1ec7u: <\/strong><\/td><td> \u00d4ng Nguy\u1ec5n V\u0103n Ngay<\/td><td>314.803.7120<\/td><\/tr><\/tbody><\/table><\/figure>\n\n\n\n<h4 class=\"wp-block-heading\">C\u00e1c H\u1ed9i \u0110o\u00e0n &amp; Ch\u01b0\u01a1ng Tr\u00ecnh C\u00f4ng Gi\u00e1o<\/h4>\n\n\n\n<figure class=\"wp-block-table\"><table><tbody><tr><td><strong> B\u00e0 M\u1eb9 CG:  <\/strong><\/td><td> B\u00e0 Nguy\u1ec5n Th\u1ecb Nhung <\/td><td>314.773.6967 <\/td><\/tr><tr><td><strong> C\u0110 Th\u00e1nh Phaol\u00f4: <\/strong><\/td><td> Ch\u1ecb B\u00f9i Kim Loan  <\/td><td>314.397.6859 <\/td><\/tr><tr><td><strong> C\u0110 T\u00ea-r\u00ea-xa:  <\/strong><\/td><td> Sr. \u0110\u1ed7 Hoa <\/td><td> 314.832.2371 <\/td><\/tr><tr><td><strong> Gi\u00fap L\u1ec5:  <\/strong><\/td><td> Tr\u1ea7n Khang<\/td><td>314.583.8264<\/td><\/tr><tr><td><strong> LM Th\u00e1nh T\u00e2m: <\/strong><\/td><td> \u00d4ng Nguy\u1ec5n V\u0103n Ngay<\/td><td> 314.803.7120<\/td><\/tr><tr><td><strong> Song Nguy\u1ec1n: <\/strong><\/td><td>C\u00f4 Ng\u00f4 Minh H\u00e0<\/td><td>314.680.2431 <\/td><\/tr><tr><td><strong> TN Th\u00e1nh Th\u1ec3:  <\/strong><\/td><td> Ch\u1ecb Julia B\u00f9i<\/td><td>314.498.0054<\/td><\/tr><tr><td><strong> H\u1ed9i Canh T\u00e2n:  <\/strong><\/td><td> B\u00e0 Nguy\u1ec5n Th\u1ecb Ch\u00e2u <\/td><td>314.544.1886 <\/td><\/tr><tr><td><strong> H\u1ed9i M\u00e2n C\u00f4i  <\/strong><\/td><td> \u00d4ng Tr\u1ea7n \u0110\u00ecnh Di\u1ec7n<\/td><td>314.805.0905<\/td><\/tr><tr><td><strong> Gi\u00e1o L\u00fd:  <\/strong><\/td><td> Sr. Nguy\u1ec5n B\u00edch H\u1ea1nh<\/td><td> 314.832.2371 <\/td><\/tr><tr><td><strong> Vi\u1ec7t Ng\u1eef: <\/strong><\/td><td> Sr. Nguy\u1ec5n B\u00edch H\u1ea1nh<\/td><td>314.736.9337<\/td><\/tr><\/tbody><\/table><\/figure>\n","protected":false},"excerpt":{"rendered":"<p>LM Qu\u1ea3n Nhi\u1ec7m: Phanxic\u00f4 Xavi\u00ea Nguy\u1ec5n Thanh B\u00ecnh , SVD3900 MeramecSt. Louis, MO 63116Phone: 314-832-7023Fax: 314-832-7024 Web: http:\/\/www.chuaphucsinh.net H\u1ed9i \u0110\u1ed3ng&hellip; <\/p>\n","protected":false},"author":1,"featured_media":0,"parent":0,"menu_order":0,"comment_status":"closed","ping_status":"closed","template":"","meta":{"footnotes":""},"class_list":["post-46","page","type-page","status-publish","hentry"],"_links":{"self":[{"href":"https:\/\/chuaphucsinh.net\/wp\/wp-json\/wp\/v2\/pages\/46","targetHints":{"allow":["GET"]}}],"collection":[{"href":"https:\/\/chuaphucsinh.net\/wp\/wp-json\/wp\/v2\/pages"}],"about":[{"href":"https:\/\/chuaphucsinh.net\/wp\/wp-json\/wp\/v2\/types\/page"}],"author":[{"embeddable":true,"href":"https:\/\/chuaphucsinh.net\/wp\/wp-json\/wp\/v2\/users\/1"}],"replies":[{"embeddable":true,"href":"https:\/\/chuaphucsinh.net\/wp\/wp-json\/wp\/v2\/comments?post=46"}],"version-history":[{"count":37,"href":"https:\/\/chuaphucsinh.net\/wp\/wp-json\/wp\/v2\/pages\/46\/revisions"}],"predecessor-version":[{"id":2025,"href":"https:\/\/chuaphucsinh.net\/wp\/wp-json\/wp\/v2\/pages\/46\/revisions\/2025"}],"wp:attachment":[{"href":"https:\/\/chuaphucsinh.net\/wp\/wp-json\/wp\/v2\/media?parent=46"}],"curies":[{"name":"wp","href":"https:\/\/api.w.org\/{rel}","templated":true}]}}